{"id":803,"date":"2023-04-27T15:16:04","date_gmt":"2023-04-27T13:16:04","guid":{"rendered":"https:\/\/www.spilett.de\/?page_id=803"},"modified":"2023-04-27T15:16:04","modified_gmt":"2023-04-27T13:16:04","slug":"imprint","status":"publish","type":"page","link":"https:\/\/www.spilett.de\/en\/imprint\/","title":{"rendered":"Imprint"},"content":{"rendered":"<div class=\"wpb-content-wrapper\"><p>[vc_row el_id=&#8221;serviceseiten&#8221;][vc_column][vc_column_text]<\/p>\n<h1>Imprint<\/h1>\n<p>Spilett new technologies GmbH<br \/>\nSch\u00f6neberger Stra\u00dfe 18<br \/>\n10963 Berlin<\/p>\n<p>Phone:\u00a0+49 (0) 30 515 658-50<br \/>\nFax: +49 (0) 30 515 658-01<br \/>\nEmail: <a href=\"mailto:info@spilett.com\">info@spilett.com<\/a><\/p>\n<h3>Managing Director<\/h3>\n<p>Nadine H\u00f6lzinger, Henning Niemeyer<\/p>\n<p>Charlottenburg Local Court HRB 109912<br \/>\nPlace of jurisdiction Berlin<\/p>\n<p>Sales tax identification number<br \/>\nDE256469722<\/p>\n<h3>Haftungshinweise<\/h3>\n<p>Trotz sorgf\u00e4ltiger inhaltlicher Kontrolle \u00fcbernehmen wir keine Haftung f\u00fcr die Inhalte externer Links. F\u00fcr den Inhalt der verlinkten Seiten sind ausschlie\u00dflich deren Betreiber verantwortlichDespite careful control of the content, we assume no liability for the content of external links. The operators of the linked pages are solely responsible for their content.<\/p>\n<h3>Bildnachweis<\/h3>\n<p>The images on this website are: \u00a9 Spilett new technologies\/D. Borgwardt, with the exception of<\/p>\n<p>Project HyStarter I: \u00a9 BMVI\/D. Borgwardt<\/p>\n<p>Homepage \/ Project HyStarter II: \u00a9 BMVI\/D. Borgwardt<\/p>\n<p>Project &#8220;CEP&#8221;: \u00a9 Adobe Stock: &#8220;AA+W<\/p>\n<h3>Copyright<\/h3>\n<p>All rights reserved. Any reproduction or redistribution of the contents of the texts of this website in any medium as a whole or in part requires the written consent of SPILETT new technologies GmbH.<\/p>\n<h3>Concept &amp; Design<\/h3>\n<p>Spilett new technologies GmbH<\/p>\n<h3>Implementation<\/h3>\n<p><a class=\"external-link-new-window\" title=\"\u00d6ffnet externen Link in neuem Fenster\" href=\"https:\/\/www.peppermint.de\/\" target=\"_blank\" rel=\"noopener noreferrer\">peppermint werbung berlin GmbH<\/a><\/p>\n<p>Status: 13.04.2023[\/vc_column_text][\/vc_column][\/vc_row]<\/p>\n<\/div>","protected":false},"excerpt":{"rendered":"<p>[vc_row el_id=&#8221;serviceseiten&#8221;][vc_column][vc_column_text] Imprint Spilett new technologies GmbH Sch\u00f6neberger Stra\u00dfe 18 10963 Berlin Phone:\u00a0+49 (0) 30 515 658-50 Fax: +49 (0) 30 515 658-01 Email: info@spilett.com Managing Director Nadine H\u00f6lzinger, Henning Niemeyer Charlottenburg Local Court HRB 109912 Place of jurisdiction Berlin Sales tax identification number DE256469722 Haftungshinweise Trotz sorgf\u00e4ltiger inhaltlicher Kontrolle \u00fcbernehmen wir keine Haftung f\u00fcr&hellip;<\/p>\n","protected":false},"author":1,"featured_media":0,"parent":0,"menu_order":900,"comment_status":"closed","ping_status":"closed","template":"","meta":{"_acf_changed":false,"footnotes":""},"class_list":["post-803","page","type-page","status-publish","hentry"],"acf":[],"yoast_head":"<!-- This site is optimized with the Yoast SEO plugin v27.5 - https:\/\/yoast.com\/product\/yoast-seo-wordpress\/ -->\n<title>Imprint &#8211; Spilett new technologies GmbH<\/title>\n<meta name=\"robots\" content=\"index, follow, max-snippet:-1, max-image-preview:large, max-video-preview:-1\" \/>\n<link rel=\"canonical\" href=\"https:\/\/www.spilett.de\/en\/imprint\/\" \/>\n<meta property=\"og:locale\" content=\"en_US\" \/>\n<meta property=\"og:type\" content=\"article\" \/>\n<meta property=\"og:title\" content=\"Imprint &#8211; Spilett new technologies GmbH\" \/>\n<meta property=\"og:description\" content=\"[vc_row el_id=&#8221;serviceseiten&#8221;][vc_column][vc_column_text] Imprint Spilett new technologies GmbH Sch\u00f6neberger Stra\u00dfe 18 10963 Berlin Phone:\u00a0+49 (0) 30 515 658-50 Fax: +49 (0) 30 515 658-01 Email: info@spilett.com Managing Director Nadine H\u00f6lzinger, Henning Niemeyer Charlottenburg Local Court HRB 109912 Place of jurisdiction Berlin Sales tax identification number DE256469722 Haftungshinweise Trotz sorgf\u00e4ltiger inhaltlicher Kontrolle \u00fcbernehmen wir keine Haftung f\u00fcr&hellip;\" \/>\n<meta property=\"og:url\" content=\"https:\/\/www.spilett.de\/en\/imprint\/\" \/>\n<meta property=\"og:site_name\" content=\"Spilett new technologies GmbH\" \/>\n<meta name=\"twitter:card\" content=\"summary_large_image\" \/>\n<script type=\"application\/ld+json\" class=\"yoast-schema-graph\">{\"@context\":\"https:\\\/\\\/schema.org\",\"@graph\":[{\"@type\":\"WebPage\",\"@id\":\"https:\\\/\\\/www.spilett.de\\\/en\\\/imprint\\\/\",\"url\":\"https:\\\/\\\/www.spilett.de\\\/en\\\/imprint\\\/\",\"name\":\"Imprint &#8211; Spilett new technologies GmbH\",\"isPartOf\":{\"@id\":\"https:\\\/\\\/www.spilett.de\\\/en\\\/#website\"},\"datePublished\":\"2023-04-27T13:16:04+00:00\",\"breadcrumb\":{\"@id\":\"https:\\\/\\\/www.spilett.de\\\/en\\\/imprint\\\/#breadcrumb\"},\"inLanguage\":\"en-US\",\"potentialAction\":[{\"@type\":\"ReadAction\",\"target\":[\"https:\\\/\\\/www.spilett.de\\\/en\\\/imprint\\\/\"]}]},{\"@type\":\"BreadcrumbList\",\"@id\":\"https:\\\/\\\/www.spilett.de\\\/en\\\/imprint\\\/#breadcrumb\",\"itemListElement\":[{\"@type\":\"ListItem\",\"position\":1,\"name\":\"Startseite\",\"item\":\"https:\\\/\\\/www.spilett.de\\\/en\\\/\"},{\"@type\":\"ListItem\",\"position\":2,\"name\":\"Imprint\"}]},{\"@type\":\"WebSite\",\"@id\":\"https:\\\/\\\/www.spilett.de\\\/en\\\/#website\",\"url\":\"https:\\\/\\\/www.spilett.de\\\/en\\\/\",\"name\":\"Spilett new technologies GmbH\",\"description\":\"\",\"publisher\":{\"@id\":\"https:\\\/\\\/www.spilett.de\\\/en\\\/#organization\"},\"potentialAction\":[{\"@type\":\"SearchAction\",\"target\":{\"@type\":\"EntryPoint\",\"urlTemplate\":\"https:\\\/\\\/www.spilett.de\\\/en\\\/?s={search_term_string}\"},\"query-input\":{\"@type\":\"PropertyValueSpecification\",\"valueRequired\":true,\"valueName\":\"search_term_string\"}}],\"inLanguage\":\"en-US\"},{\"@type\":\"Organization\",\"@id\":\"https:\\\/\\\/www.spilett.de\\\/en\\\/#organization\",\"name\":\"Spilett new technoliges GmbH\",\"url\":\"https:\\\/\\\/www.spilett.de\\\/en\\\/\",\"logo\":{\"@type\":\"ImageObject\",\"inLanguage\":\"en-US\",\"@id\":\"https:\\\/\\\/www.spilett.de\\\/en\\\/#\\\/schema\\\/logo\\\/image\\\/\",\"url\":\"https:\\\/\\\/www.spilett.de\\\/wp-content\\\/uploads\\\/2021\\\/12\\\/logo@2x.png\",\"contentUrl\":\"https:\\\/\\\/www.spilett.de\\\/wp-content\\\/uploads\\\/2021\\\/12\\\/logo@2x.png\",\"width\":464,\"height\":161,\"caption\":\"Spilett new technoliges GmbH\"},\"image\":{\"@id\":\"https:\\\/\\\/www.spilett.de\\\/en\\\/#\\\/schema\\\/logo\\\/image\\\/\"}}]}<\/script>\n<!-- \/ Yoast SEO plugin. -->","yoast_head_json":{"title":"Imprint &#8211; Spilett new technologies GmbH","robots":{"index":"index","follow":"follow","max-snippet":"max-snippet:-1","max-image-preview":"max-image-preview:large","max-video-preview":"max-video-preview:-1"},"canonical":"https:\/\/www.spilett.de\/en\/imprint\/","og_locale":"en_US","og_type":"article","og_title":"Imprint &#8211; Spilett new technologies GmbH","og_description":"[vc_row el_id=&#8221;serviceseiten&#8221;][vc_column][vc_column_text] Imprint Spilett new technologies GmbH Sch\u00f6neberger Stra\u00dfe 18 10963 Berlin Phone:\u00a0+49 (0) 30 515 658-50 Fax: +49 (0) 30 515 658-01 Email: info@spilett.com Managing Director Nadine H\u00f6lzinger, Henning Niemeyer Charlottenburg Local Court HRB 109912 Place of jurisdiction Berlin Sales tax identification number DE256469722 Haftungshinweise Trotz sorgf\u00e4ltiger inhaltlicher Kontrolle \u00fcbernehmen wir keine Haftung f\u00fcr&hellip;","og_url":"https:\/\/www.spilett.de\/en\/imprint\/","og_site_name":"Spilett new technologies GmbH","twitter_card":"summary_large_image","schema":{"@context":"https:\/\/schema.org","@graph":[{"@type":"WebPage","@id":"https:\/\/www.spilett.de\/en\/imprint\/","url":"https:\/\/www.spilett.de\/en\/imprint\/","name":"Imprint &#8211; Spilett new technologies GmbH","isPartOf":{"@id":"https:\/\/www.spilett.de\/en\/#website"},"datePublished":"2023-04-27T13:16:04+00:00","breadcrumb":{"@id":"https:\/\/www.spilett.de\/en\/imprint\/#breadcrumb"},"inLanguage":"en-US","potentialAction":[{"@type":"ReadAction","target":["https:\/\/www.spilett.de\/en\/imprint\/"]}]},{"@type":"BreadcrumbList","@id":"https:\/\/www.spilett.de\/en\/imprint\/#breadcrumb","itemListElement":[{"@type":"ListItem","position":1,"name":"Startseite","item":"https:\/\/www.spilett.de\/en\/"},{"@type":"ListItem","position":2,"name":"Imprint"}]},{"@type":"WebSite","@id":"https:\/\/www.spilett.de\/en\/#website","url":"https:\/\/www.spilett.de\/en\/","name":"Spilett new technologies GmbH","description":"","publisher":{"@id":"https:\/\/www.spilett.de\/en\/#organization"},"potentialAction":[{"@type":"SearchAction","target":{"@type":"EntryPoint","urlTemplate":"https:\/\/www.spilett.de\/en\/?s={search_term_string}"},"query-input":{"@type":"PropertyValueSpecification","valueRequired":true,"valueName":"search_term_string"}}],"inLanguage":"en-US"},{"@type":"Organization","@id":"https:\/\/www.spilett.de\/en\/#organization","name":"Spilett new technoliges GmbH","url":"https:\/\/www.spilett.de\/en\/","logo":{"@type":"ImageObject","inLanguage":"en-US","@id":"https:\/\/www.spilett.de\/en\/#\/schema\/logo\/image\/","url":"https:\/\/www.spilett.de\/wp-content\/uploads\/2021\/12\/logo@2x.png","contentUrl":"https:\/\/www.spilett.de\/wp-content\/uploads\/2021\/12\/logo@2x.png","width":464,"height":161,"caption":"Spilett new technoliges GmbH"},"image":{"@id":"https:\/\/www.spilett.de\/en\/#\/schema\/logo\/image\/"}}]}},"_links":{"self":[{"href":"https:\/\/www.spilett.de\/en\/wp-json\/wp\/v2\/pages\/803","targetHints":{"allow":["GET"]}}],"collection":[{"href":"https:\/\/www.spilett.de\/en\/wp-json\/wp\/v2\/pages"}],"about":[{"href":"https:\/\/www.spilett.de\/en\/wp-json\/wp\/v2\/types\/page"}],"author":[{"embeddable":true,"href":"https:\/\/www.spilett.de\/en\/wp-json\/wp\/v2\/users\/1"}],"replies":[{"embeddable":true,"href":"https:\/\/www.spilett.de\/en\/wp-json\/wp\/v2\/comments?post=803"}],"version-history":[{"count":1,"href":"https:\/\/www.spilett.de\/en\/wp-json\/wp\/v2\/pages\/803\/revisions"}],"predecessor-version":[{"id":804,"href":"https:\/\/www.spilett.de\/en\/wp-json\/wp\/v2\/pages\/803\/revisions\/804"}],"wp:attachment":[{"href":"https:\/\/www.spilett.de\/en\/wp-json\/wp\/v2\/media?parent=803"}],"curies":[{"name":"wp","href":"https:\/\/api.w.org\/{rel}","templated":true}]}}